{"id":482,"date":"2024-02-29T17:26:36","date_gmt":"2024-02-29T17:26:36","guid":{"rendered":"https:\/\/www.zinawigs.be\/disclaimer\/"},"modified":"2025-04-03T07:42:26","modified_gmt":"2025-04-03T07:42:26","slug":"disclaimer","status":"publish","type":"page","link":"https:\/\/www.zinawigs.be\/de\/disclaimer\/","title":{"rendered":"Disclaimer"},"content":{"rendered":"<p>[et_pb_section fb_built=&#8220;1&#8243; _builder_version=&#8220;4.24.2&#8243; _module_preset=&#8220;default&#8220; global_colors_info=&#8220;{}&#8220;][et_pb_row _builder_version=&#8220;4.24.2&#8243; _module_preset=&#8220;default&#8220; global_colors_info=&#8220;{}&#8220;][et_pb_column type=&#8220;4_4&#8243; _builder_version=&#8220;4.24.2&#8243; _module_preset=&#8220;default&#8220; global_colors_info=&#8220;{}&#8220;][et_pb_text _builder_version=&#8220;4.24.2&#8243; _module_preset=&#8220;default&#8220; hover_enabled=&#8220;0&#8243; global_colors_info=&#8220;{}&#8220; sticky_enabled=&#8220;0&#8243; header_2_font=&#8220;Prata||||||||&#8220; header_2_text_color=&#8220;#0A0A0A&#8220; header_2_font_size=&#8220;32px&#8220; header_3_font=&#8220;Prata|700|||||||&#8220; header_3_text_color=&#8220;#BAA991&#8243; text_text_color=&#8220;#454E5B&#8220;]<\/p>\n<h2>WEBSITE DISCLAIMER + PRIVACY<\/h2>\n<p>Diese Website ist Eigentum von Quaestor bvba<\/p>\n<h3>Kontaktangaben<\/h3>\n<p><b>Eingetragene Gesch\u00e4ftsadresse:<\/b><br \/>Paardenkerkhofstraat 5<br \/>B-3670 Meeuwen-Gruitrode<br \/><b>Telefon:<\/b><br \/>+32 498 86 62 00<br \/><b>E-Mail:<\/b><br \/>info@zinawigs.be<br \/><b>Firmennummer:<\/b><br \/>BE 0464 872 795<\/p>\n<p>Mit dem Zugriff und der Nutzung der Website erkl\u00e4ren Sie sich ausdr\u00fccklich mit den folgenden Bedingungen einverstanden.<\/p>\n<p>&nbsp;<\/p>\n<h3>Rechte an geistigem Eigentum<\/h3>\n<p>Der Inhalt dieser Website, einschlie\u00dflich Marken, Logos, Zeichnungen, Daten, Produkt- oder Firmennamen, Texte, Bilder usw. sind durch geistige Rechte gesch\u00fctzt und geh\u00f6ren Quaestor bvba oder berechtigten Dritten.<\/p>\n<p>&nbsp;<\/p>\n<h3>Begrenzung der Haftung<\/h3>\n<p>Die Informationen auf dieser Website sind allgemeiner Natur. Die Informationen sind nicht auf pers\u00f6nliche oder spezifische Umst\u00e4nde zugeschnitten und k\u00f6nnen daher nicht als pers\u00f6nliche, berufliche oder rechtliche Beratung des Nutzers angesehen werden.<\/p>\n<p>Quaestor sprl unternimmt gro\u00dfe Anstrengungen, damit die zur Verf\u00fcgung gestellten Informationen vollst\u00e4ndig, richtig, genau und aktuell sind. Trotz dieser Bem\u00fchungen kann es zu Ungenauigkeiten in den bereitgestellten Informationen kommen. Sollten die bereitgestellten Informationen Fehler enthalten oder sollten bestimmte Informationen auf oder \u00fcber die Website nicht verf\u00fcgbar sein, wird Quaestor bvba sich bem\u00fchen, dies so schnell wie m\u00f6glich zu korrigieren.<br \/>Quaestor bvba kann nicht f\u00fcr direkte oder indirekte Sch\u00e4den haftbar gemacht werden, die sich aus der Nutzung der Informationen auf dieser Website ergeben. Sollten Sie Ungenauigkeiten in den auf der Website zur Verf\u00fcgung gestellten Informationen feststellen, wenden Sie sich bitte an den Administrator der Website.<\/p>\n<p>Der Inhalt der Website (einschlie\u00dflich der Links) kann jederzeit und ohne Vorank\u00fcndigung oder Benachrichtigung angepasst, ge\u00e4ndert oder erg\u00e4nzt werden. Quaestor bvba \u00fcbernimmt keine Garantie f\u00fcr das ordnungsgem\u00e4\u00dfe Funktionieren der Website und kann in keiner Weise f\u00fcr St\u00f6rungen oder die vor\u00fcbergehende (Nicht-)Verf\u00fcgbarkeit der Website oder f\u00fcr irgendeine Form von direktem oder indirektem Schaden haftbar gemacht werden, der sich aus dem Zugang zu oder der Nutzung der Website ergibt.<br \/>Quaestor sprl kann unter keinen Umst\u00e4nden gegen\u00fcber irgendjemandem direkt oder indirekt, speziell oder anderweitig, f\u00fcr Sch\u00e4den haftbar gemacht werden, die sich aus der Nutzung dieser oder einer anderen Website ergeben, insbesondere als Folge von Links oder Hyperlinks, einschlie\u00dflich und ohne Einschr\u00e4nkung aller Verluste, Arbeitsunterbrechungen, Sch\u00e4den an Programmen oder anderen Daten auf dem Computersystem, der Ausr\u00fcstung, der Software oder anderen des Nutzers.<\/p>\n<p>Die Website kann Hyperlinks zu Websites oder Seiten Dritter enthalten oder indirekt auf sie verweisen. Die Aufnahme von Links zu diesen Websites oder Seiten bedeutet in keiner Weise eine implizite Zustimmung zu deren Inhalt.<br \/>Quaestor bvba erkl\u00e4rt ausdr\u00fccklich, dass sie keine Kontrolle \u00fcber den Inhalt oder andere Merkmale dieser Websites hat und unter keinen Umst\u00e4nden f\u00fcr deren Inhalt oder Merkmale oder f\u00fcr irgendeine andere Form von Sch\u00e4den, die sich aus deren Nutzung ergeben, haftbar gemacht werden kann.<\/p>\n<p>&nbsp;<\/p>\n<h3>Geltendes Recht und zust\u00e4ndige Gerichte<\/h3>\n<p>F\u00fcr diese Website gilt belgisches Recht.<\/p>\n<p>&nbsp;<\/p>\n<h3>Datenschutzbestimmungen<\/h3>\n<p>Quaestor bvba sch\u00e4tzt Ihre Privatsph\u00e4re.<\/p>\n<p>Der f\u00fcr die Verarbeitung Verantwortliche, Quaestor bvba, beachtet das belgische Gesetz vom 8. Dezember 1992 \u00fcber den Schutz der Privatsph\u00e4re bei der Verarbeitung personenbezogener Daten.<\/p>\n<p>Die von Ihnen mitgeteilten personenbezogenen Daten werden f\u00fcr folgende Zwecke verwendet: unsere Kundenverwaltung.<\/p>\n<p>Sie haben ein gesetzliches Recht auf Zugang zu Ihren personenbezogenen Daten und auf deren eventuelle Berichtigung. Vorbehaltlich eines Identit\u00e4tsnachweises (Kopie des Personalausweises) k\u00f6nnen Sie die schriftliche Mitteilung Ihrer pers\u00f6nlichen Daten kostenlos durch einen schriftlichen, datierten und unterzeichneten Antrag an Quaestor bvba erhalten. Gegebenenfalls k\u00f6nnen Sie auch darum bitten, unrichtige, unvollst\u00e4ndige oder nicht zutreffende Daten zu korrigieren.<\/p>\n<p>Sie k\u00f6nnen der Verwendung Ihrer Daten f\u00fcr Direktmarketing kostenlos widersprechen. Zu diesem Zweck k\u00f6nnen Sie sich jederzeit an Quaestor bvba wenden.<\/p>\n<p>Ihre pers\u00f6nlichen Daten werden nicht an Dritte weitergegeben.<\/p>\n<p>Quaestor bvba kann anonyme oder aggregierte Daten nicht-personenbezogener Art sammeln, wie z.B. den Browsertyp oder die IP-Adresse, das von Ihnen verwendete Betriebssystem oder den Domainnamen der Website, \u00fcber die Sie auf die Website gelangt sind oder die Sie verlassen. So k\u00f6nnen wir die Website permanent f\u00fcr die Nutzer optimieren.<\/p>\n<p>&nbsp;<\/p>\n<h3>Die Verwendung von \u201eCookies\u201c.<\/h3>\n<p>W\u00e4hrend eines Besuchs der Website k\u00f6nnen \u201eCookies\u201c auf der Festplatte Ihres Computers gespeichert werden. Ein Cookie ist eine Textdatei, die vom Server einer Website im Browser Ihres Computers oder auf Ihrem mobilen Ger\u00e4t gespeichert wird, wenn Sie eine Website besuchen. Cookies k\u00f6nnen nicht zur Identifizierung von Personen verwendet werden, ein Cookie kann nur eine Maschine identifizieren.<\/p>\n<p>Sie k\u00f6nnen Ihren Internet-Browser so einstellen, dass er keine Cookies annimmt, dass er Sie warnt, wenn ein Cookie installiert wird, oder dass er Cookies nachtr\u00e4glich von Ihrer Festplatte l\u00f6scht. Sie k\u00f6nnen dies \u00fcber die Einstellungen Ihres Browsers tun (\u00fcber die Hilfefunktion). Beachten Sie, dass bestimmte Grafiken m\u00f6glicherweise nicht korrekt angezeigt werden oder Sie bestimmte Anwendungen nicht nutzen k\u00f6nnen.<\/p>\n<p>Durch die Nutzung unserer Website erkl\u00e4ren Sie sich mit der Verwendung von Cookies einverstanden.<\/p>\n<p>[\/et_pb_text][\/et_pb_column][\/et_pb_row][\/et_pb_section]<\/p>\n","protected":false},"excerpt":{"rendered":"<p>WEBSITE DISCLAIMER + PRIVACY Diese Website ist Eigentum von Quaestor bvba Kontaktangaben Eingetragene Gesch\u00e4ftsadresse:Paardenkerkhofstraat 5B-3670 Meeuwen-GruitrodeTelefon:+32 498 86 62 00E-Mail:info@zinawigs.beFirmennummer:BE 0464 872 795 Mit dem Zugriff und der Nutzung der Website erkl\u00e4ren Sie sich ausdr\u00fccklich mit den folgenden Bedingungen einverstanden. &nbsp; Rechte an geistigem Eigentum Der Inhalt dieser Website, einschlie\u00dflich Marken, Logos, Zeichnungen, Daten, Produkt- [&hellip;]<\/p>\n","protected":false},"author":1,"featured_media":0,"parent":0,"menu_order":0,"comment_status":"closed","ping_status":"closed","template":"","meta":{"_et_pb_use_builder":"on","_et_pb_old_content":"","_et_gb_content_width":"","inline_featured_image":false,"footnotes":""},"class_list":["post-482","page","type-page","status-publish","hentry"],"_links":{"self":[{"href":"https:\/\/www.zinawigs.be\/de\/wp-json\/wp\/v2\/pages\/482","targetHints":{"allow":["GET"]}}],"collection":[{"href":"https:\/\/www.zinawigs.be\/de\/wp-json\/wp\/v2\/pages"}],"about":[{"href":"https:\/\/www.zinawigs.be\/de\/wp-json\/wp\/v2\/types\/page"}],"author":[{"embeddable":true,"href":"https:\/\/www.zinawigs.be\/de\/wp-json\/wp\/v2\/users\/1"}],"replies":[{"embeddable":true,"href":"https:\/\/www.zinawigs.be\/de\/wp-json\/wp\/v2\/comments?post=482"}],"version-history":[{"count":9,"href":"https:\/\/www.zinawigs.be\/de\/wp-json\/wp\/v2\/pages\/482\/revisions"}],"predecessor-version":[{"id":597,"href":"https:\/\/www.zinawigs.be\/de\/wp-json\/wp\/v2\/pages\/482\/revisions\/597"}],"wp:attachment":[{"href":"https:\/\/www.zinawigs.be\/de\/wp-json\/wp\/v2\/media?parent=482"}],"curies":[{"name":"wp","href":"https:\/\/api.w.org\/{rel}","templated":true}]}}