{"id":483,"date":"2024-02-29T15:45:42","date_gmt":"2024-02-29T15:45:42","guid":{"rendered":"https:\/\/www.zinawigs.be\/trends-tips\/"},"modified":"2025-04-03T07:41:24","modified_gmt":"2025-04-03T07:41:24","slug":"trends-tips","status":"publish","type":"page","link":"https:\/\/www.zinawigs.be\/de\/trends-tips\/","title":{"rendered":"Trends &amp; Tipps"},"content":{"rendered":"<p>[et_pb_section fb_built=&#8220;1&#8243; admin_label=&#8220;Header&#8220; _builder_version=&#8220;4.24.2&#8243; use_background_color_gradient=&#8220;on&#8220; background_color_gradient_stops=&#8220;rgba(10,10,10,0.85) 2%|rgba(206,120,0,0.2) 100%&#8220; background_color_gradient_overlays_image=&#8220;on&#8220; background_color_gradient_start=&#8220;rgba(31,31,38,0.88)&#8220; background_color_gradient_end=&#8220;rgba(31,31,38,0.24)&#8220; background_image=&#8220;https:\/\/www.zinawigs.be\/wp-content\/uploads\/2024\/02\/Zinawigs-Hair.jpg&#8220; custom_padding=&#8220;6vw||0px||false|false&#8220; global_colors_info=&#8220;{}&#8220;][et_pb_row custom_padding_last_edited=&#8220;on|desktop&#8220; _builder_version=&#8220;4.24.2&#8243; use_background_color_gradient=&#8220;on&#8220; background_color_gradient_stops=&#8220;rgba(67,78,92,0.32) 0%|#28303b 100%&#8220; background_color_gradient_overlays_image=&#8220;on&#8220; background_color_gradient_start=&#8220;rgba(67,78,92,0.32)&#8220; background_color_gradient_end=&#8220;rgba(31,31,38,0.71)&#8220; background_image=&#8220;https:\/\/www.zinawigs.be\/wp-content\/uploads\/2024\/02\/Zinawigs-Header-Trends-en-tips.jpg&#8220; width=&#8220;90%&#8220; max_width=&#8220;none&#8220; module_alignment=&#8220;left&#8220; custom_margin_tablet=&#8220;|auto||0px|false|false&#8220; custom_margin_last_edited=&#8220;off|desktop&#8220; custom_padding=&#8220;10vw|20px|18vw|20px|false|true&#8220; custom_padding_tablet=&#8220;16vw||16vw||true|false&#8220; custom_padding_phone=&#8220;||||false|false&#8220; border_color_all=&#8220;#1f1f26&#8243; border_width_right=&#8220;8vw&#8220; locked=&#8220;off&#8220; global_colors_info=&#8220;{}&#8220;][et_pb_column type=&#8220;4_4&#8243; _builder_version=&#8220;4.16&#8243; global_colors_info=&#8220;{}&#8220;][et_pb_text _builder_version=&#8220;4.24.2&#8243; header_font=&#8220;Prata||||||||&#8220; header_text_align=&#8220;center&#8220; header_font_size=&#8220;120px&#8220; header_line_height=&#8220;1.2em&#8220; background_layout=&#8220;dark&#8220; header_font_size_tablet=&#8220;60px&#8220; header_font_size_phone=&#8220;35px&#8220; header_font_size_last_edited=&#8220;on|phone&#8220; global_colors_info=&#8220;{}&#8220;]<\/p>\n<h1>Trends &amp; Tipps<\/h1>\n<p>[\/et_pb_text][\/et_pb_column][\/et_pb_row][et_pb_row column_structure=&#8220;1_2,1_2&#8243; make_equal=&#8220;on&#8220; _builder_version=&#8220;4.16&#8243; positioning=&#8220;absolute&#8220; position_origin_a=&#8220;bottom_left&#8220; position_origin_a_tablet=&#8220;&#8220; position_origin_a_phone=&#8220;&#8220; position_origin_a_last_edited=&#8220;on|desktop&#8220; position_origin_f_tablet=&#8220;&#8220; position_origin_f_phone=&#8220;&#8220; position_origin_f_last_edited=&#8220;on|desktop&#8220; position_origin_r_tablet=&#8220;&#8220; position_origin_r_phone=&#8220;&#8220; position_origin_r_last_edited=&#8220;on|desktop&#8220; width=&#8220;90%&#8220; max_width=&#8220;none&#8220; custom_margin=&#8220;|auto||0px|false|false&#8220; custom_padding=&#8220;0px||0px|10vw|true|false&#8220; positioning_tablet=&#8220;none&#8220; positioning_phone=&#8220;&#8220; positioning_last_edited=&#8220;on|tablet&#8220; box_shadow_style=&#8220;preset4&#8243; box_shadow_horizontal=&#8220;30vw&#8220; box_shadow_vertical=&#8220;0px&#8220; box_shadow_color=&#8220;#ffffff&#8220; locked=&#8220;off&#8220; global_colors_info=&#8220;{}&#8220;][et_pb_column type=&#8220;1_2&#8243; _builder_version=&#8220;4.16&#8243; custom_padding=&#8220;||||false|false&#8220; global_colors_info=&#8220;{}&#8220;][\/et_pb_column][et_pb_column type=&#8220;1_2&#8243; _builder_version=&#8220;4.16&#8243; background_color=&#8220;#bea88f&#8220; custom_padding=&#8220;60px|4%|60px|4%|true|true&#8220; global_colors_info=&#8220;{}&#8220;][et_pb_text _builder_version=&#8220;4.24.2&#8243; header_3_font=&#8220;Prata||||||||&#8220; header_3_font_size=&#8220;30px&#8220; header_3_line_height=&#8220;1.3em&#8220; background_layout=&#8220;dark&#8220; custom_margin=&#8220;||4px||false|false&#8220; header_3_font_size_tablet=&#8220;22px&#8220; header_3_font_size_phone=&#8220;20px&#8220; header_3_font_size_last_edited=&#8220;on|phone&#8220; locked=&#8220;off&#8220; global_colors_info=&#8220;{}&#8220;]<\/p>\n<h3><span>Stil ist pers\u00f6nlich und zeitlos<\/span><\/h3>\n<p>[\/et_pb_text][et_pb_button button_url=&#8220;mailto:info@zinawigs.be&#8220; button_text=&#8220;Nehmen Sie Kontakt auf&#8220; _builder_version=&#8220;4.24.2&#8243; custom_button=&#8220;on&#8220; button_text_size=&#8220;12px&#8220; button_bg_color=&#8220;rgba(0,0,0,0)&#8220; button_border_width=&#8220;0px&#8220; button_border_radius=&#8220;0px&#8220; button_letter_spacing=&#8220;2.6px&#8220; button_font=&#8220;|700||on|||||&#8220; background_layout=&#8220;dark&#8220; custom_margin=&#8220;||||false|false&#8220; custom_padding=&#8220;|||0px|false|false&#8220; global_colors_info=&#8220;{}&#8220;][\/et_pb_button][\/et_pb_column][\/et_pb_row][\/et_pb_section][et_pb_section fb_built=&#8220;1&#8243; admin_label=&#8220;About&#8220; module_id=&#8220;Tipps&#8220; _builder_version=&#8220;4.24.2&#8243; global_colors_info=&#8220;{}&#8220;][et_pb_row _builder_version=&#8220;4.16&#8243; locked=&#8220;off&#8220; global_colors_info=&#8220;{}&#8220;][et_pb_column type=&#8220;4_4&#8243; _builder_version=&#8220;4.16&#8243; global_colors_info=&#8220;{}&#8220;][et_pb_text _builder_version=&#8220;4.24.2&#8243; header_2_font=&#8220;Prata||||||||&#8220; header_2_text_color=&#8220;#0A0A0A&#8220; header_2_font_size=&#8220;60px&#8220; header_2_line_height=&#8220;1.6em&#8220; header_4_font=&#8220;|700||on|||||&#8220; header_4_text_color=&#8220;#bea88f&#8220; header_4_font_size=&#8220;12px&#8220; header_4_letter_spacing=&#8220;2.6px&#8220; header_4_line_height=&#8220;1.6em&#8220; text_orientation=&#8220;center&#8220; background_layout=&#8220;dark&#8220; header_2_font_size_tablet=&#8220;24px&#8220; header_2_font_size_phone=&#8220;22px&#8220; header_2_font_size_last_edited=&#8220;on|phone&#8220; locked=&#8220;off&#8220; global_colors_info=&#8220;{}&#8220;]<\/p>\n<h4><span>Tipps mit einem Kern Weisheit<\/span><\/h4>\n<h2>Tipps &amp; Tricks<\/h2>\n<p>[\/et_pb_text][\/et_pb_column][\/et_pb_row][et_pb_row column_structure=&#8220;2_5,3_5&#8243; make_equal=&#8220;on&#8220; _builder_version=&#8220;4.24.2&#8243; custom_css_main_element=&#8220;align-items: center;&#8220; global_colors_info=&#8220;{}&#8220;][et_pb_column type=&#8220;2_5&#8243; _builder_version=&#8220;4.16&#8243; global_colors_info=&#8220;{}&#8220;][et_pb_image src=&#8220;https:\/\/www.zinawigs.be\/wp-content\/uploads\/2024\/02\/Zinawigs-Zina-en-collega.jpg&#8220; title_text=&#8220;Zinawigs &#8211; Zina en collega&#8220; _builder_version=&#8220;4.24.2&#8243; global_colors_info=&#8220;{}&#8220;][\/et_pb_image][et_pb_text _builder_version=&#8220;4.24.2&#8243; header_2_font=&#8220;Prata||||||||&#8220; header_2_font_size=&#8220;22px&#8220; header_2_line_height=&#8220;1.8em&#8220; header_2_font_size_tablet=&#8220;20px&#8220; header_2_font_size_phone=&#8220;18px&#8220; header_2_font_size_last_edited=&#8220;on|phone&#8220; locked=&#8220;off&#8220; global_colors_info=&#8220;{}&#8220;]<\/p>\n<h2><span>Andere Frauen tr\u00e4umen von Schuhen, Schmuck, ich tr\u00e4ume von einer Schachtel mit der perfekten Per\u00fccke.<\/span><\/h2>\n<p>[\/et_pb_text][\/et_pb_column][et_pb_column type=&#8220;3_5&#8243; _builder_version=&#8220;4.16&#8243; global_colors_info=&#8220;{}&#8220;][et_pb_text _builder_version=&#8220;4.24.2&#8243; header_2_font=&#8220;Prata||||||||&#8220; header_2_line_height=&#8220;1.8em&#8220; header_4_font=&#8220;|700||on|||||&#8220; header_4_text_color=&#8220;#bea88f&#8220; header_4_font_size=&#8220;12px&#8220; header_4_letter_spacing=&#8220;2.6px&#8220; header_4_line_height=&#8220;1.6em&#8220; custom_margin=&#8220;||5px||false|false&#8220; header_2_font_size_tablet=&#8220;22px&#8220; header_2_font_size_phone=&#8220;20px&#8220; header_2_font_size_last_edited=&#8220;on|phone&#8220; locked=&#8220;off&#8220; global_colors_info=&#8220;{}&#8220;]<\/p>\n<h4>Tipp 1 &#8211; Per\u00fccke nach Ma\u00df<\/h4>\n<p>[\/et_pb_text][et_pb_text _builder_version=&#8220;4.27.4&#8243; text_line_height=&#8220;2em&#8220; hover_enabled=&#8220;0&#8243; locked=&#8220;off&#8220; global_colors_info=&#8220;{}&#8220; sticky_enabled=&#8220;0&#8243;]<\/p>\n<p>W\u00e4hlen Sie f\u00fcr Ihre Kundin ein Haarteil oder eine Per\u00fccke, die nach Ma\u00df angefertigt wird. Wir haben zwar Standardper\u00fccken und k\u00f6nnen Ihnen schnell aus der Patsche helfen, aber jeder Mensch ist anders und daher ist eine individuelle Anfertigung immer die beste L\u00f6sung.<\/p>\n<p>[\/et_pb_text][et_pb_divider color=&#8220;#BAA991&#8243; _builder_version=&#8220;4.24.2&#8243; _module_preset=&#8220;default&#8220; max_width=&#8220;65%&#8220; custom_margin=&#8220;||10px||false|false&#8220; global_colors_info=&#8220;{}&#8220;][\/et_pb_divider][et_pb_text _builder_version=&#8220;4.24.2&#8243; header_2_font=&#8220;Prata||||||||&#8220; header_2_line_height=&#8220;1.8em&#8220; header_4_font=&#8220;|700||on|||||&#8220; header_4_text_color=&#8220;#bea88f&#8220; header_4_font_size=&#8220;12px&#8220; header_4_letter_spacing=&#8220;2.6px&#8220; header_4_line_height=&#8220;1.6em&#8220; custom_margin=&#8220;||5px||false|false&#8220; header_2_font_size_tablet=&#8220;22px&#8220; header_2_font_size_phone=&#8220;20px&#8220; header_2_font_size_last_edited=&#8220;on|phone&#8220; locked=&#8220;off&#8220; global_colors_info=&#8220;{}&#8220;]<\/p>\n<h4>Tipp 2 &#8211; Die Fixierung ist wichtig<\/h4>\n<p>[\/et_pb_text][et_pb_text _builder_version=&#8220;4.27.4&#8243; text_line_height=&#8220;2em&#8220; hover_enabled=&#8220;0&#8243; locked=&#8220;off&#8220; global_colors_info=&#8220;{}&#8220; sticky_enabled=&#8220;0&#8243;]<\/p>\n<p>Die Art und Weise, wie ein Haarteil angebracht wird, ist sehr wichtig. Unsere Erfahrung hat uns gelehrt, dass Haarteile von einem Fachmann leicht und unsichtbar angebracht werden k\u00f6nnen sollten.<\/p>\n<p>[\/et_pb_text][et_pb_divider color=&#8220;#BAA991&#8243; _builder_version=&#8220;4.24.2&#8243; _module_preset=&#8220;default&#8220; max_width=&#8220;65%&#8220; custom_margin=&#8220;||10px||false|false&#8220; global_colors_info=&#8220;{}&#8220;][\/et_pb_divider][et_pb_text _builder_version=&#8220;4.24.2&#8243; header_2_font=&#8220;Prata||||||||&#8220; header_2_line_height=&#8220;1.8em&#8220; header_4_font=&#8220;|700||on|||||&#8220; header_4_text_color=&#8220;#bea88f&#8220; header_4_font_size=&#8220;12px&#8220; header_4_letter_spacing=&#8220;2.6px&#8220; header_4_line_height=&#8220;1.6em&#8220; custom_margin=&#8220;||5px||false|false&#8220; header_2_font_size_tablet=&#8220;22px&#8220; header_2_font_size_phone=&#8220;20px&#8220; header_2_font_size_last_edited=&#8220;on|phone&#8220; locked=&#8220;off&#8220; global_colors_info=&#8220;{}&#8220;]<\/p>\n<h4>Tipp 3 &#8211; Wir entscheiden uns f\u00fcr europ\u00e4isches Haar<\/h4>\n<p>[\/et_pb_text][et_pb_text _builder_version=&#8220;4.24.2&#8243; text_line_height=&#8220;2em&#8220; locked=&#8220;off&#8220; global_colors_info=&#8220;{}&#8220;]<\/p>\n<p>Entscheiden Sie sich f\u00fcr europ\u00e4isches Haar und lassen Sie sich nicht von &#8211; oft sehr g\u00fcnstigen &#8211; Angeboten mit asiatischem oder synthetischem Haar verf\u00fchren. Asiatisches Haar ist steifer und passt daher nicht zu unserem europ\u00e4ischen Aussehen.<\/p>\n<p>Synthetisches Haar kommt einem nat\u00fcrlichen Aussehen nicht nahe. Synthetische Haarteile lassen die Kopfhaut oft nicht \u201eatmen\u201c und sind daher eher nicht zu empfehlen. Au\u00dferdem ist die Lebensdauer manchmal sehr begrenzt.<\/p>\n<p>[\/et_pb_text][et_pb_divider color=&#8220;#BAA991&#8243; _builder_version=&#8220;4.24.2&#8243; _module_preset=&#8220;default&#8220; max_width=&#8220;65%&#8220; custom_margin=&#8220;||10px||false|false&#8220; global_colors_info=&#8220;{}&#8220;][\/et_pb_divider][et_pb_text _builder_version=&#8220;4.24.2&#8243; header_2_font=&#8220;Prata||||||||&#8220; header_2_line_height=&#8220;1.8em&#8220; header_4_font=&#8220;|700||on|||||&#8220; header_4_text_color=&#8220;#bea88f&#8220; header_4_font_size=&#8220;12px&#8220; header_4_letter_spacing=&#8220;2.6px&#8220; header_4_line_height=&#8220;1.6em&#8220; custom_margin=&#8220;||5px||false|false&#8220; header_2_font_size_tablet=&#8220;22px&#8220; header_2_font_size_phone=&#8220;20px&#8220; header_2_font_size_last_edited=&#8220;on|phone&#8220; locked=&#8220;off&#8220; global_colors_info=&#8220;{}&#8220;]<\/p>\n<h4>Tipp 4 &#8211; Pers\u00f6nliche Beratung<\/h4>\n<p>[\/et_pb_text][et_pb_text _builder_version=&#8220;4.27.4&#8243; text_line_height=&#8220;2em&#8220; hover_enabled=&#8220;0&#8243; locked=&#8220;off&#8220; global_colors_info=&#8220;{}&#8220; sticky_enabled=&#8220;0&#8243;]<\/p>\n<p>Begleiten Sie Ihre Kundin pers\u00f6nlich durch den Prozess. Schlie\u00dflich investiert sie in sich selbst und strebt das beste Ergebnis an. Wir unterst\u00fctzen Sie, aber nat\u00fcrlich m\u00fcssen manchmal kleine Korrekturen vorgenommen werden. Diese Retuschen f\u00fchren wir in unserem eigenen Atelier durch.<\/p>\n<p>[\/et_pb_text][\/et_pb_column][\/et_pb_row][\/et_pb_section][et_pb_section fb_built=&#8220;1&#8243; custom_padding_last_edited=&#8220;on|phone&#8220; admin_label=&#8220;Gallery&#8220; module_id=&#8220;Portfolio&#8220; _builder_version=&#8220;4.24.2&#8243; use_background_color_gradient=&#8220;on&#8220; background_color_gradient_stops=&#8220;rgba(10,10,10,0.85) 1%|rgba(10,10,10,0.85) 100%&#8220; background_color_gradient_overlays_image=&#8220;on&#8220; background_image=&#8220;https:\/\/www.zinawigs.be\/wp-content\/uploads\/2024\/02\/Zinawigs-Hair.jpg&#8220; custom_padding=&#8220;120px||0px|||&#8220; custom_padding_tablet=&#8220;80px||||false|false&#8220; custom_padding_phone=&#8220;50px||||false|false&#8220; locked=&#8220;off&#8220; global_colors_info=&#8220;{}&#8220;][et_pb_row _builder_version=&#8220;4.16&#8243; locked=&#8220;off&#8220; global_colors_info=&#8220;{}&#8220;][et_pb_column type=&#8220;4_4&#8243; _builder_version=&#8220;4.16&#8243; global_colors_info=&#8220;{}&#8220;][et_pb_text _builder_version=&#8220;4.24.2&#8243; header_2_font=&#8220;Prata||||||||&#8220; header_2_font_size=&#8220;60px&#8220; header_2_line_height=&#8220;1.6em&#8220; header_4_font=&#8220;|700||on|||||&#8220; header_4_text_color=&#8220;#bea88f&#8220; header_4_font_size=&#8220;12px&#8220; header_4_letter_spacing=&#8220;2.6px&#8220; header_4_line_height=&#8220;1.6em&#8220; text_orientation=&#8220;center&#8220; background_layout=&#8220;dark&#8220; header_2_font_size_tablet=&#8220;24px&#8220; header_2_font_size_phone=&#8220;22px&#8220; header_2_font_size_last_edited=&#8220;on|phone&#8220; locked=&#8220;off&#8220; global_colors_info=&#8220;{}&#8220;]<\/p>\n<h4>Portfolio<\/h4>\n<h2>Trends<\/h2>\n<p>[\/et_pb_text][\/et_pb_column][\/et_pb_row][et_pb_row column_structure=&#8220;1_4,1_4,1_2&#8243; use_custom_gutter=&#8220;on&#8220; gutter_width=&#8220;1&#8243; _builder_version=&#8220;4.16&#8243; custom_padding=&#8220;||0px|||&#8220; locked=&#8220;off&#8220; global_colors_info=&#8220;{}&#8220;][et_pb_column type=&#8220;1_4&#8243; _builder_version=&#8220;4.16&#8243; global_colors_info=&#8220;{}&#8220;][et_pb_image src=&#8220;https:\/\/www.zinawigs.be\/wp-content\/uploads\/2024\/02\/Zinawigs-Model7.jpg&#8220; title_text=&#8220;Zinawigs &#8211; Model7&#8243; _builder_version=&#8220;4.24.2&#8243; animation_style=&#8220;slide&#8220; animation_direction=&#8220;bottom&#8220; animation_duration=&#8220;700ms&#8220; animation_intensity_slide=&#8220;2%&#8220; animation=&#8220;off&#8220; locked=&#8220;off&#8220; global_colors_info=&#8220;{}&#8220;][\/et_pb_image][et_pb_image src=&#8220;https:\/\/www.zinawigs.be\/wp-content\/uploads\/2024\/02\/Zinawigs-Model1.jpg&#8220; title_text=&#8220;Zinawigs &#8211; Model1&#8243; _builder_version=&#8220;4.24.2&#8243; animation_style=&#8220;slide&#8220; animation_direction=&#8220;bottom&#8220; animation_duration=&#8220;700ms&#8220; animation_intensity_slide=&#8220;2%&#8220; animation=&#8220;off&#8220; locked=&#8220;off&#8220; global_colors_info=&#8220;{}&#8220;][\/et_pb_image][\/et_pb_column][et_pb_column type=&#8220;1_4&#8243; _builder_version=&#8220;4.16&#8243; global_colors_info=&#8220;{}&#8220;][et_pb_image src=&#8220;https:\/\/www.zinawigs.be\/wp-content\/uploads\/2024\/02\/Zinawigs-Model9.jpg&#8220; title_text=&#8220;Zinawigs &#8211; Model9&#8243; _builder_version=&#8220;4.24.2&#8243; animation_style=&#8220;slide&#8220; animation_direction=&#8220;bottom&#8220; animation_duration=&#8220;700ms&#8220; animation_intensity_slide=&#8220;2%&#8220; animation=&#8220;off&#8220; locked=&#8220;off&#8220; global_colors_info=&#8220;{}&#8220;][\/et_pb_image][et_pb_image src=&#8220;https:\/\/www.zinawigs.be\/wp-content\/uploads\/2024\/02\/Zinawigs-Model6.jpg&#8220; title_text=&#8220;Zinawigs &#8211; Model6&#8243; _builder_version=&#8220;4.24.2&#8243; animation_style=&#8220;slide&#8220; animation_direction=&#8220;bottom&#8220; animation_duration=&#8220;700ms&#8220; animation_intensity_slide=&#8220;2%&#8220; animation=&#8220;off&#8220; global_colors_info=&#8220;{}&#8220;][\/et_pb_image][\/et_pb_column][et_pb_column type=&#8220;1_2&#8243; _builder_version=&#8220;4.16&#8243; global_colors_info=&#8220;{}&#8220;][et_pb_image src=&#8220;https:\/\/www.zinawigs.be\/wp-content\/uploads\/2024\/02\/Zinawigs-Model2.jpg&#8220; title_text=&#8220;Zinawigs &#8211; Model2&#8243; _builder_version=&#8220;4.24.2&#8243; animation_style=&#8220;slide&#8220; animation_direction=&#8220;bottom&#8220; animation_duration=&#8220;700ms&#8220; animation_delay=&#8220;400ms&#8220; animation_intensity_slide=&#8220;2%&#8220; animation=&#8220;off&#8220; locked=&#8220;off&#8220; global_colors_info=&#8220;{}&#8220;][\/et_pb_image][et_pb_divider show_divider=&#8220;off&#8220; _builder_version=&#8220;4.16&#8243; positioning=&#8220;absolute&#8220; position_origin_a=&#8220;top_right&#8220; vertical_offset=&#8220;-80px&#8220; horizontal_offset=&#8220;-30px&#8220; vertical_offset_phone=&#8220;-6vw&#8220; vertical_offset_last_edited=&#8220;off|tablet&#8220; horizontal_offset_tablet=&#8220;0px&#8220; horizontal_offset_phone=&#8220;-6vw&#8220; horizontal_offset_last_edited=&#8220;off|desktop&#8220; width=&#8220;31%&#8220; width_tablet=&#8220;120px&#8220; width_last_edited=&#8220;off|desktop&#8220; height=&#8220;31%&#8220; height_tablet=&#8220;120px&#8220; height_phone=&#8220;120px&#8220; height_last_edited=&#8220;off|desktop&#8220; scroll_vertical_motion_enable=&#8220;on&#8220; scroll_vertical_motion=&#8220;0|70|70|100|1|0|-1&#8243; border_width_all=&#8220;2px&#8220; border_color_all=&#8220;#bea88f&#8220; locked=&#8220;off&#8220; global_colors_info=&#8220;{}&#8220;][\/et_pb_divider][\/et_pb_column][\/et_pb_row][et_pb_row column_structure=&#8220;1_2,1_4,1_4&#8243; use_custom_gutter=&#8220;on&#8220; gutter_width=&#8220;1&#8243; _builder_version=&#8220;4.24.2&#8243; custom_padding=&#8220;0px||120px||false|false&#8220; locked=&#8220;off&#8220; global_colors_info=&#8220;{}&#8220;][et_pb_column type=&#8220;1_2&#8243; _builder_version=&#8220;4.16&#8243; global_colors_info=&#8220;{}&#8220;][et_pb_image src=&#8220;https:\/\/www.zinawigs.be\/wp-content\/uploads\/2024\/02\/Zinawigs-Model5.jpg&#8220; title_text=&#8220;Zinawigs &#8211; Model5&#8243; _builder_version=&#8220;4.24.2&#8243; animation_style=&#8220;slide&#8220; animation_direction=&#8220;bottom&#8220; animation_duration=&#8220;700ms&#8220; animation_intensity_slide=&#8220;2%&#8220; animation=&#8220;off&#8220; global_colors_info=&#8220;{}&#8220;][\/et_pb_image][\/et_pb_column][et_pb_column type=&#8220;1_4&#8243; _builder_version=&#8220;4.16&#8243; global_colors_info=&#8220;{}&#8220;][et_pb_image src=&#8220;https:\/\/www.zinawigs.be\/wp-content\/uploads\/2024\/11\/Zinawigs-Model10-2.jpg&#8220; title_text=&#8220;Zinawigs-Model10-2&#8243; _builder_version=&#8220;4.27.3&#8243; animation_style=&#8220;slide&#8220; animation_direction=&#8220;bottom&#8220; animation_duration=&#8220;700ms&#8220; animation_delay=&#8220;400ms&#8220; animation_intensity_slide=&#8220;2%&#8220; animation=&#8220;off&#8220; locked=&#8220;off&#8220; global_colors_info=&#8220;{}&#8220;][\/et_pb_image][\/et_pb_column][et_pb_column type=&#8220;1_4&#8243; _builder_version=&#8220;4.16&#8243; global_colors_info=&#8220;{}&#8220;][et_pb_image src=&#8220;https:\/\/www.zinawigs.be\/wp-content\/uploads\/2024\/02\/Zinawigs-Model8.jpg&#8220; title_text=&#8220;Zinawigs &#8211; Model8&#8243; _builder_version=&#8220;4.24.2&#8243; animation_style=&#8220;slide&#8220; animation_direction=&#8220;bottom&#8220; animation_duration=&#8220;700ms&#8220; animation_delay=&#8220;400ms&#8220; animation_intensity_slide=&#8220;2%&#8220; animation=&#8220;off&#8220; locked=&#8220;off&#8220; global_colors_info=&#8220;{}&#8220;][\/et_pb_image][et_pb_divider show_divider=&#8220;off&#8220; _builder_version=&#8220;4.16&#8243; positioning=&#8220;absolute&#8220; position_origin_a=&#8220;top_right&#8220; vertical_offset=&#8220;-80px&#8220; horizontal_offset=&#8220;-30px&#8220; vertical_offset_phone=&#8220;-6vw&#8220; vertical_offset_last_edited=&#8220;off|tablet&#8220; horizontal_offset_tablet=&#8220;0px&#8220; horizontal_offset_phone=&#8220;-6vw&#8220; horizontal_offset_last_edited=&#8220;off|desktop&#8220; width=&#8220;31%&#8220; width_tablet=&#8220;120px&#8220; width_last_edited=&#8220;off|desktop&#8220; height=&#8220;31%&#8220; height_tablet=&#8220;120px&#8220; height_phone=&#8220;120px&#8220; height_last_edited=&#8220;off|desktop&#8220; scroll_vertical_motion_enable=&#8220;on&#8220; scroll_vertical_motion=&#8220;0|70|70|100|1|0|-1&#8243; border_width_all=&#8220;2px&#8220; border_color_all=&#8220;#bea88f&#8220; locked=&#8220;off&#8220; global_colors_info=&#8220;{}&#8220;][\/et_pb_divider][\/et_pb_column][\/et_pb_row][\/et_pb_section][et_pb_section fb_built=&#8220;1&#8243; admin_label=&#8220;Testimonials&#8220; _builder_version=&#8220;4.16&#8243; background_image=&#8220;https:\/\/www.zinawigs.be\/wp-content\/uploads\/2024\/02\/upholsterer-60.png&#8220; parallax=&#8220;on&#8220; locked=&#8220;off&#8220; global_colors_info=&#8220;{}&#8220;][et_pb_row _builder_version=&#8220;4.16&#8243; global_colors_info=&#8220;{}&#8220;][et_pb_column type=&#8220;4_4&#8243; _builder_version=&#8220;4.16&#8243; global_colors_info=&#8220;{}&#8220;][et_pb_image src=&#8220;https:\/\/www.zinawigs.be\/wp-content\/uploads\/2024\/02\/quote.png&#8220; title_text=&#8220;Zitat&#8220; align=&#8220;center&#8220; _builder_version=&#8220;4.16&#8243; max_width=&#8220;48px&#8220; global_colors_info=&#8220;{}&#8220;][\/et_pb_image][et_pb_slider arrows_custom_color=&#8220;#000000&#8243; dot_nav_custom_color=&#8220;#000000&#8243; _builder_version=&#8220;4.27.4&#8243; header_level=&#8220;h3&#8243; header_font=&#8220;Prata||||||||&#8220; header_text_color=&#8220;#000000&#8243; header_font_size=&#8220;30px&#8220; header_line_height=&#8220;1.6em&#8220; body_font=&#8220;|700||on|||||&#8220; body_text_color=&#8220;#bea88f&#8220; body_font_size=&#8220;12px&#8220; body_letter_spacing=&#8220;2.6px&#8220; body_line_height=&#8220;1.8em&#8220; background_color=&#8220;rgba(0,0,0,0)&#8220; custom_padding=&#8220;20px||80px||false|false&#8220; custom_padding_tablet=&#8220;|20px||20px|false|true&#8220; custom_padding_phone=&#8220;|0px||0px|false|false&#8220; custom_padding_last_edited=&#8220;on|phone&#8220; hover_enabled=&#8220;0&#8243; header_font_size_tablet=&#8220;20px&#8220; header_font_size_phone=&#8220;16px&#8220; header_font_size_last_edited=&#8220;on|phone&#8220; text_shadow_style=&#8220;preset5&#8243; text_shadow_color=&#8220;rgba(0,0,0,0)&#8220; global_colors_info=&#8220;{}&#8220; sticky_enabled=&#8220;0&#8243;][et_pb_slide heading=&#8220;Die Zusammenarbeit mit Zina Wigs war sehr freundlich und verst\u00e4ndnisvoll, nicht aufdringlich und vor allem professionell. Ich f\u00fchle mich sehr wohl mit der Per\u00fccke f\u00fcr meine Kundin, die ihrem echten Haar von fr\u00fcher perfekt \u00e4hnelt. Auf diese Weise sieht niemand, dass sie eine Per\u00fccke tr\u00e4gt. Vielen Dank, Zina!&#8220; _builder_version=&#8220;4.27.4&#8243; header_font_size=&#8220;24px&#8220; hover_enabled=&#8220;0&#8243; global_colors_info=&#8220;{}&#8220; sticky_transition=&#8220;on&#8220; sticky_enabled=&#8220;0&#8243;]<\/p>\n<p>&#8211; Kristel Van Rumste<\/p>\n<p>[\/et_pb_slide][et_pb_slide heading=&#8220;Ich bin seit Kurzem Kundin von Zina Wigs und kann mit gutem Gewissen sagen, dass meine Erfahrungen \u00e4u\u00dferst positiv waren. Zina hat meine Erwartungen mit ihrer pers\u00f6nlichen Note und einer Per\u00fccke von hervorragender Qualit\u00e4t \u00fcbertroffen. Sehr zu empfehlen.&#8220; _builder_version=&#8220;4.27.4&#8243; header_font_size=&#8220;24px&#8220; hover_enabled=&#8220;0&#8243; global_colors_info=&#8220;{}&#8220; sticky_transition=&#8220;on&#8220; sticky_enabled=&#8220;0&#8243;]<\/p>\n<p>&#8211; Petra Hofmeyer<\/p>\n<p>[\/et_pb_slide][\/et_pb_slider][\/et_pb_column][\/et_pb_row][\/et_pb_section]<\/p>\n","protected":false},"excerpt":{"rendered":"<p>Trends &amp; TippsStil ist pers\u00f6nlich und zeitlosTipps mit einem Kern Weisheit Tipps &amp; TricksAndere Frauen tr\u00e4umen von Schuhen, Schmuck, ich tr\u00e4ume von einer Schachtel mit der perfekten Per\u00fccke.Tipp 1 &#8211; Per\u00fccke nach Ma\u00dfW\u00e4hlen Sie f\u00fcr Ihre Kundin ein Haarteil oder eine Per\u00fccke, die nach Ma\u00df angefertigt wird. Wir haben zwar Standardper\u00fccken und k\u00f6nnen Ihnen schnell [&hellip;]<\/p>\n","protected":false},"author":1,"featured_media":0,"parent":0,"menu_order":0,"comment_status":"closed","ping_status":"closed","template":"","meta":{"_et_pb_use_builder":"on","_et_pb_old_content":"","_et_gb_content_width":"","inline_featured_image":false,"footnotes":""},"class_list":["post-483","page","type-page","status-publish","hentry"],"_links":{"self":[{"href":"https:\/\/www.zinawigs.be\/de\/wp-json\/wp\/v2\/pages\/483","targetHints":{"allow":["GET"]}}],"collection":[{"href":"https:\/\/www.zinawigs.be\/de\/wp-json\/wp\/v2\/pages"}],"about":[{"href":"https:\/\/www.zinawigs.be\/de\/wp-json\/wp\/v2\/types\/page"}],"author":[{"embeddable":true,"href":"https:\/\/www.zinawigs.be\/de\/wp-json\/wp\/v2\/users\/1"}],"replies":[{"embeddable":true,"href":"https:\/\/www.zinawigs.be\/de\/wp-json\/wp\/v2\/comments?post=483"}],"version-history":[{"count":12,"href":"https:\/\/www.zinawigs.be\/de\/wp-json\/wp\/v2\/pages\/483\/revisions"}],"predecessor-version":[{"id":594,"href":"https:\/\/www.zinawigs.be\/de\/wp-json\/wp\/v2\/pages\/483\/revisions\/594"}],"wp:attachment":[{"href":"https:\/\/www.zinawigs.be\/de\/wp-json\/wp\/v2\/media?parent=483"}],"curies":[{"name":"wp","href":"https:\/\/api.w.org\/{rel}","templated":true}]}}