{"id":484,"date":"2024-02-29T15:31:28","date_gmt":"2024-02-29T15:31:28","guid":{"rendered":"https:\/\/www.zinawigs.be\/contact\/"},"modified":"2025-04-03T07:36:38","modified_gmt":"2025-04-03T07:36:38","slug":"contact","status":"publish","type":"page","link":"https:\/\/www.zinawigs.be\/de\/contact\/","title":{"rendered":"Kontakt"},"content":{"rendered":"\n[et_pb_section fb_built=&#8220;1&#8243; admin_label=&#8220;Footer&#8220; _builder_version=&#8220;4.24.2&#8243; use_background_color_gradient=&#8220;on&#8220; background_color_gradient_stops=&#8220;#1f1f26 0%|rgba(31,31,38,0.71) 100%&#8220; background_color_gradient_overlays_image=&#8220;on&#8220; background_color_gradient_start=&#8220;#1f1f26&#8243; background_color_gradient_end=&#8220;rgba(31,31,38,0.71)&#8220; background_image=&#8220;https:\/\/www.zinawigs.be\/wp-content\/uploads\/2024\/02\/Zinawigs-BG-Contact.jpg&#8220; custom_margin=&#8220;||||false|false&#8220; custom_padding=&#8220;0vw||0px||false|false&#8220; saved_tabs=&#8220;all&#8220; locked=&#8220;off&#8220; global_colors_info=&#8220;{}&#8220;][et_pb_row column_structure=&#8220;1_2,1_2&#8243; admin_label=&#8220;Footer&#8220; _builder_version=&#8220;4.16&#8243; custom_padding=&#8220;0px||0px|||&#8220; box_shadow_style=&#8220;preset4&#8243; box_shadow_horizontal=&#8220;30vw&#8220; box_shadow_vertical=&#8220;0px&#8220; box_shadow_color=&#8220;#ffffff&#8220; global_colors_info=&#8220;{}&#8220;][et_pb_column type=&#8220;1_2&#8243; _builder_version=&#8220;4.16&#8243; custom_padding=&#8220;100px||||false|false&#8220; custom_padding_tablet=&#8220;|20px|||false|false&#8220; custom_padding_phone=&#8220;&#8220; custom_padding_last_edited=&#8220;on|phone&#8220; global_colors_info=&#8220;{}&#8220;][et_pb_text _builder_version=&#8220;4.24.1&#8243; header_2_font=&#8220;Prata||||||||&#8220; header_2_font_size=&#8220;40px&#8220; header_2_line_height=&#8220;1.6em&#8220; background_layout=&#8220;dark&#8220; header_2_font_size_tablet=&#8220;24px&#8220; header_2_font_size_phone=&#8220;22px&#8220; header_2_font_size_last_edited=&#8220;on|desktop&#8220; locked=&#8220;off&#8220; global_colors_info=&#8220;{}&#8220;]<h2>Kontaktieren Sie <br>uns noch heute f\u00fcr <br>einen Termin<\/h2>[\/et_pb_text][et_pb_text _builder_version=&#8220;4.24.2&#8243; text_font=&#8220;Prata||||||||&#8220; text_text_color=&#8220;#BAA991&#8243; text_font_size=&#8220;22px&#8220; text_line_height=&#8220;1.8em&#8220; link_text_color=&#8220;#bea88f&#8220; header_4_font=&#8220;Open Sans|700||on|||||&#8220; header_4_font_size=&#8220;12px&#8220; header_4_letter_spacing=&#8220;2.6px&#8220; header_4_line_height=&#8220;1.6em&#8220; background_layout=&#8220;dark&#8220; max_width=&#8220;250px&#8220; custom_margin=&#8220;||||false|false&#8220; custom_margin_phone=&#8220;60px||||false|false&#8220; custom_margin_last_edited=&#8220;off|phone&#8220; text_font_size_tablet=&#8220;18px&#8220; text_font_size_phone=&#8220;16px&#8220; text_font_size_last_edited=&#8220;on|phone&#8220; link_font_size_tablet=&#8220;20px&#8220; link_font_size_last_edited=&#8220;off|desktop&#8220; locked=&#8220;off&#8220; global_colors_info=&#8220;{}&#8220; text_font_size__hover_enabled=&#8220;off|desktop&#8220;]<h4>Rufen Sie uns an<\/h4>\n<p>+32 488 29 92 31<\/p>[\/et_pb_text][et_pb_text _builder_version=&#8220;4.24.2&#8243; text_font=&#8220;Prata||||||||&#8220; text_text_color=&#8220;#BAA991&#8243; text_font_size=&#8220;22px&#8220; text_line_height=&#8220;1.8em&#8220; link_text_color=&#8220;#bea88f&#8220; header_4_font=&#8220;Open Sans|700||on|||||&#8220; header_4_font_size=&#8220;12px&#8220; header_4_letter_spacing=&#8220;2.6px&#8220; header_4_line_height=&#8220;1.6em&#8220; background_layout=&#8220;dark&#8220; max_width=&#8220;300px&#8220; custom_margin=&#8220;||||false|false&#8220; text_font_size_tablet=&#8220;18px&#8220; text_font_size_phone=&#8220;16px&#8220; text_font_size_last_edited=&#8220;on|phone&#8220; locked=&#8220;off&#8220; global_colors_info=&#8220;{}&#8220;]<h4>Oder besuchen Sie uns<\/h4>\n<p>Quinten Matsijslei 41-42<br>2018 Antwerpen<\/p>[\/et_pb_text][et_pb_button button_url=&#8220;mailto:info@zinawigs.be&#8220; button_text=&#8220;Senden Sie eine E-Mail&#8220; _builder_version=&#8220;4.24.2&#8243; custom_button=&#8220;on&#8220; button_text_size=&#8220;12px&#8220; button_text_color=&#8220;#efdfca&#8220; button_bg_color=&#8220;rgba(0,0,0,0)&#8220; button_border_width=&#8220;2px&#8220; button_border_color=&#8220;#bea88f&#8220; button_border_radius=&#8220;0px&#8220; button_letter_spacing=&#8220;2.6px&#8220; button_font=&#8220;|700||on|||||&#8220; background_layout=&#8220;dark&#8220; custom_margin=&#8220;10%||||false|false&#8220; custom_margin_tablet=&#8220;100px||||false|false&#8220; custom_margin_last_edited=&#8220;off|desktop&#8220; custom_padding=&#8220;20px|40px|20px|40px|true|true&#8220; button_bg_color_last_edited=&#8220;off|desktop&#8220; locked=&#8220;off&#8220; global_colors_info=&#8220;{}&#8220; button_bg_color__hover_enabled=&#8220;on|hover&#8220; button_bg_color__hover=&#8220;#bea88f&#8220; button_bg_enable_color__hover=&#8220;on&#8220; button_text_color__hover_enabled=&#8220;on|hover&#8220; button_text_color__hover=&#8220;#ffffff&#8220;][\/et_pb_button][\/et_pb_column][et_pb_column type=&#8220;1_2&#8243; _builder_version=&#8220;4.16&#8243; background_color=&#8220;#ffffff&#8220; transform_translate=&#8220;1px|0px&#8220; transform_translate_linked=&#8220;off&#8220; custom_padding=&#8220;|60px|60px|60px|false|true&#8220; custom_padding_tablet=&#8220;|0px||30px|false|false&#8220; custom_padding_phone=&#8220;|0px||20px|false|false&#8220; custom_padding_last_edited=&#8220;on|tablet&#8220; global_colors_info=&#8220;{}&#8220;][et_pb_image src=&#8220;https:\/\/www.zinawigs.be\/wp-content\/uploads\/2024\/02\/Zinawigs-recente-werken.jpg&#8220; title_text=&#8220;Zinawigs-recente werken&#8220; _builder_version=&#8220;4.24.1&#8243; custom_margin=&#8220;|-50%|40px|-60px|false|false&#8220; custom_margin_tablet=&#8220;|0px|40px|-30px|false|false&#8220; custom_margin_phone=&#8220;|||-20px|false|false&#8220; custom_margin_last_edited=&#8220;on|phone&#8220; global_colors_info=&#8220;{}&#8220;][\/et_pb_image][et_pb_text _builder_version=&#8220;4.24.2&#8243; header_2_font=&#8220;Prata||||||||&#8220; header_2_line_height=&#8220;1.8em&#8220; custom_margin=&#8220;||0px||false|false&#8220; custom_padding_phone=&#8220;50px|50px|0px|50px|false|true&#8220; custom_padding_last_edited=&#8220;off|desktop&#8220; hover_enabled=&#8220;0&#8243; header_2_font_size_tablet=&#8220;22px&#8220; header_2_font_size_phone=&#8220;20px&#8220; header_2_font_size_last_edited=&#8220;on|phone&#8220; locked=&#8220;off&#8220; global_colors_info=&#8220;{}&#8220; link_option_url=&#8220;https:\/\/www.zinawigs.be\/de\/trends-tips\/#Portfolio&#8220; sticky_enabled=&#8220;0&#8243;]<h2>Sehen Sie sich unsere Per\u00fccken an<\/h2>[\/et_pb_text][et_pb_button button_text=&#8220;Portfolio in unserer Fotogalerie&#8220; _builder_version=&#8220;4.24.2&#8243; custom_button=&#8220;on&#8220; button_text_size=&#8220;12px&#8220; button_text_color=&#8220;#bea88f&#8220; button_bg_color=&#8220;rgba(0,0,0,0)&#8220; button_border_width=&#8220;0px&#8220; button_border_radius=&#8220;0px&#8220; button_letter_spacing=&#8220;2.6px&#8220; button_font=&#8220;|700||on|||||&#8220; background_layout=&#8220;dark&#8220; custom_margin_phone=&#8220;|50px|50px|50px|false|true&#8220; custom_margin_last_edited=&#8220;off|desktop&#8220; custom_padding=&#8220;|||0px|false|false&#8220; hover_enabled=&#8220;0&#8243; locked=&#8220;off&#8220; global_colors_info=&#8220;{}&#8220; button_bg_color__hover_enabled=&#8220;off|desktop&#8220; button_url=&#8220;https:\/\/www.zinawigs.be\/de\/trends-tips\/#Portfolio&#8220; sticky_enabled=&#8220;0&#8243;][\/et_pb_button][\/et_pb_column][\/et_pb_row][\/et_pb_section][et_pb_section fb_built=&#8220;1&#8243; admin_label=&#8220;Testimonials&#8220; _builder_version=&#8220;4.24.2&#8243; background_color=&#8220;rgba(186,169,145,0.1)&#8220; background_image=&#8220;https:\/\/www.zinawigs.be\/wp-content\/uploads\/2024\/02\/Zinawigs-Paralax-vierkanten.png&#8220; parallax=&#8220;on&#8220; custom_padding=&#8220;100px||100px|||&#8220; locked=&#8220;off&#8220; global_colors_info=&#8220;{}&#8220;][et_pb_row _builder_version=&#8220;4.16&#8243; global_colors_info=&#8220;{}&#8220;][et_pb_column type=&#8220;4_4&#8243; _builder_version=&#8220;4.16&#8243; global_colors_info=&#8220;{}&#8220;][et_pb_text _builder_version=&#8220;4.24.1&#8243; header_3_font=&#8220;Prata||||||||&#8220; header_3_text_color=&#8220;#454E5B&#8220; header_3_font_size=&#8220;32px&#8220; header_3_line_height=&#8220;1.6em&#8220; background_layout=&#8220;dark&#8220; custom_margin=&#8220;||4px||false|false&#8220; header_3_font_size_tablet=&#8220;22px&#8220; header_3_font_size_phone=&#8220;20px&#8220; header_3_font_size_last_edited=&#8220;on|phone&#8220; locked=&#8220;off&#8220; global_colors_info=&#8220;{}&#8220;]<h3>Warum Zina Wigs?<\/h3>[\/et_pb_text][et_pb_toggle title=&#8220;Echthaar&#8220; open_toggle_text_color=&#8220;#454E5B&#8220; open_toggle_background_color=&#8220;RGBA(255,255,255,0)&#8220; closed_toggle_background_color=&#8220;RGBA(255,255,255,0)&#8220; icon_color=&#8220;#28303B&#8220; open_icon_color=&#8220;#CE7800&#8243; _builder_version=&#8220;4.24.1&#8243; _module_preset=&#8220;default&#8220; title_text_color=&#8220;#454E5B&#8220; title_font_size=&#8220;18px&#8220; custom_margin=&#8220;||0px||false|false&#8220; custom_padding=&#8220;||15px|0px|false|false&#8220; border_width_all=&#8220;0px&#8220; border_width_bottom=&#8220;1px&#8220; border_color_bottom=&#8220;#BAA991&#8243; global_colors_info=&#8220;{}&#8220;]<p>Unsere Per\u00fccken und Haarteile sind hochwertig und von echtem Haar nicht zu unterscheiden.<\/p>[\/et_pb_toggle][et_pb_toggle title=&#8220;Europ\u00e4isches Haar&#8220; open_toggle_text_color=&#8220;#454E5B&#8220; open_toggle_background_color=&#8220;RGBA(255,255,255,0)&#8220; closed_toggle_background_color=&#8220;RGBA(255,255,255,0)&#8220; icon_color=&#8220;#28303B&#8220; _builder_version=&#8220;4.24.1&#8243; _module_preset=&#8220;default&#8220; title_text_color=&#8220;#454E5B&#8220; title_font_size=&#8220;18px&#8220; custom_margin=&#8220;||0px||false|false&#8220; custom_padding=&#8220;||15px|0px|false|false&#8220; border_width_all=&#8220;0px&#8220; border_width_bottom=&#8220;1px&#8220; border_color_bottom=&#8220;#BAA991&#8243; global_colors_info=&#8220;{}&#8220;]<p>Zina Wigs verwendet ausschlie\u00dflich europ\u00e4isches Haar, das im Hinblick auf Qualit\u00e4t, L\u00e4nge und Farbe sorgf\u00e4ltig ausgew\u00e4hlt wird.<\/p>[\/et_pb_toggle][et_pb_toggle title=&#8220;Hochwertige Qualit\u00e4t&#8220; open_toggle_text_color=&#8220;#454E5B&#8220; open_toggle_background_color=&#8220;RGBA(255,255,255,0)&#8220; closed_toggle_background_color=&#8220;RGBA(255,255,255,0)&#8220; icon_color=&#8220;#28303B&#8220; _builder_version=&#8220;4.24.1&#8243; _module_preset=&#8220;default&#8220; title_text_color=&#8220;#454E5B&#8220; title_font_size=&#8220;18px&#8220; custom_margin=&#8220;||0px||false|false&#8220; custom_padding=&#8220;||15px|0px|false|false&#8220; border_width_all=&#8220;0px&#8220; border_width_bottom=&#8220;1px&#8220; border_color_bottom=&#8220;#BAA991&#8243; global_colors_info=&#8220;{}&#8220;]<p>Sie w\u00e4hlen eine sehr feine Qualit\u00e4t, die bis in die Haarspitzen von einem Fachmann zusammengestellt wird.<\/p>[\/et_pb_toggle][et_pb_toggle title=&#8220;Umfassende Erfahrung &#8220; open_toggle_text_color=&#8220;#454E5B&#8220; open_toggle_background_color=&#8220;RGBA(255,255,255,0)&#8220; closed_toggle_background_color=&#8220;RGBA(255,255,255,0)&#8220; icon_color=&#8220;#28303B&#8220; _builder_version=&#8220;4.24.1&#8243; _module_preset=&#8220;default&#8220; title_text_color=&#8220;#454E5B&#8220; title_font_size=&#8220;18px&#8220; custom_margin=&#8220;||0px||false|false&#8220; custom_padding=&#8220;||15px|0px|false|false&#8220; border_width_all=&#8220;0px&#8220; border_width_bottom=&#8220;1px&#8220; border_color_bottom=&#8220;#BAA991&#8243; global_colors_info=&#8220;{}&#8220;]<p>Die Gr\u00fcnderin Zina verf\u00fcgt \u00fcber eine umfangreiche Erfahrung von mehr als 30 Jahren.<\/p>[\/et_pb_toggle][et_pb_toggle title=&#8220;Think Pink und Pink Ribbon&#8220; open_toggle_text_color=&#8220;#454E5B&#8220; open_toggle_background_color=&#8220;RGBA(255,255,255,0)&#8220; closed_toggle_background_color=&#8220;RGBA(255,255,255,0)&#8220; icon_color=&#8220;#28303B&#8220; _builder_version=&#8220;4.24.1&#8243; _module_preset=&#8220;default&#8220; title_text_color=&#8220;#454E5B&#8220; title_font_size=&#8220;18px&#8220; custom_margin=&#8220;||0px||false|false&#8220; custom_padding=&#8220;||15px|0px|false|false&#8220; border_width_all=&#8220;0px&#8220; border_width_bottom=&#8220;1px&#8220; border_color_bottom=&#8220;#BAA991&#8243; global_colors_info=&#8220;{}&#8220;]<p>Indirekte Unterst\u00fctzung bekannter Krebsorganisationen (wie Think Pink, Pink Ribbon und BVZ Rapunzel), mit denen Zina Wigs eine langj\u00e4hrige Partnerschaft pflegt.<\/p>[\/et_pb_toggle][\/et_pb_column][\/et_pb_row][\/et_pb_section][et_pb_section fb_built=&#8220;1&#8243; admin_label=&#8220;Process&#8220; _builder_version=&#8220;4.24.1&#8243; background_enable_image=&#8220;off&#8220; parallax=&#8220;on&#8220; custom_padding=&#8220;90px||120px|||&#8220; locked=&#8220;off&#8220; global_colors_info=&#8220;{}&#8220;][et_pb_row _builder_version=&#8220;4.16&#8243; custom_padding=&#8220;||0px|||&#8220; locked=&#8220;off&#8220; global_colors_info=&#8220;{}&#8220;][et_pb_column type=&#8220;4_4&#8243; _builder_version=&#8220;4.16&#8243; global_colors_info=&#8220;{}&#8220;][et_pb_text _builder_version=&#8220;4.24.1&#8243; header_2_font=&#8220;Prata||||||||&#8220; header_2_text_color=&#8220;#454E5B&#8220; header_2_font_size=&#8220;42px&#8220; header_2_line_height=&#8220;1.8em&#8220; header_4_font=&#8220;|700||on|||||&#8220; header_4_text_color=&#8220;#bea88f&#8220; header_4_font_size=&#8220;12px&#8220; header_4_letter_spacing=&#8220;2.6px&#8220; header_4_line_height=&#8220;1.6em&#8220; text_orientation=&#8220;center&#8220; max_width=&#8220;600px&#8220; module_alignment=&#8220;center&#8220; header_2_font_size_tablet=&#8220;34px&#8220; header_2_font_size_phone=&#8220;28px&#8220; header_2_font_size_last_edited=&#8220;on|phone&#8220; locked=&#8220;off&#8220; global_colors_info=&#8220;{}&#8220;]<h2>Trends, Tipps &amp; der Prozess<\/h2>[\/et_pb_text][\/et_pb_column][\/et_pb_row][et_pb_row column_structure=&#8220;1_3,1_3,1_3&#8243; use_custom_gutter=&#8220;on&#8220; gutter_width=&#8220;1&#8243; make_equal=&#8220;on&#8220; _builder_version=&#8220;4.24.2&#8243; max_width=&#8220;1240px&#8220; hover_enabled=&#8220;0&#8243; locked=&#8220;off&#8220; global_colors_info=&#8220;{}&#8220; z_index__hover_enabled=&#8220;on|hover&#8220; z_index__hover=&#8220;20&#8243; sticky_enabled=&#8220;0&#8243;][et_pb_column type=&#8220;1_3&#8243; _builder_version=&#8220;4.24.2&#8243; use_background_color_gradient=&#8220;on&#8220; background_color_gradient_stops=&#8220;rgba(67,78,92,0.32) 0%|rgba(33,38,45,0.64) 100%&#8220; background_color_gradient_overlays_image=&#8220;on&#8220; background_color_gradient_start=&#8220;rgba(67,78,92,0.32)&#8220; background_color_gradient_end=&#8220;rgba(33,38,45,0.64)&#8220; background_image=&#8220;https:\/\/www.zinawigs.be\/wp-content\/uploads\/2024\/02\/Zinawigs-Tips.jpg&#8220; link_option_url=&#8220;#&#8220; hover_enabled=&#8220;0&#8243; border_width_all=&#8220;1px&#8220; border_color_all=&#8220;#ffffff&#8220; box_shadow_style=&#8220;preset3&#8243; box_shadow_spread=&#8220;-32px&#8220; box_shadow_color=&#8220;rgba(0,0,0,0)&#8220; global_colors_info=&#8220;{}&#8220; z_index__hover_enabled=&#8220;on|desktop&#8220; z_index__hover=&#8220;20&#8243; transform_styles__hover_enabled=&#8220;on|hover&#8220; transform_scale__hover_enabled=&#8220;on|hover&#8220; transform_translate__hover_enabled=&#8220;on|desktop&#8220; transform_rotate__hover_enabled=&#8220;on|desktop&#8220; transform_skew__hover_enabled=&#8220;on|desktop&#8220; transform_origin__hover_enabled=&#8220;on|desktop&#8220; transform_scale__hover=&#8220;104%|104%&#8220; box_shadow_color__hover_enabled=&#8220;on|hover&#8220; box_shadow_vertical__hover_enabled=&#8220;on|hover&#8220; box_shadow_horizontal__hover_enabled=&#8220;off|hover&#8220; box_shadow_blur__hover_enabled=&#8220;on|hover&#8220; box_shadow_color__hover=&#8220;rgba(0,0,0,0.56)&#8220; box_shadow_vertical__hover=&#8220;64px&#8220; box_shadow_blur__hover=&#8220;64px&#8220; background__hover_enabled=&#8220;on|hover&#8220; background_color_gradient_start__hover=&#8220;rgba(31,31,38,0.88)&#8220; background_color_gradient_end__hover=&#8220;rgba(31,31,38,0.88)&#8220; background_color_gradient_stops__hover=&#8220;rgba(31,31,38,0.88) 0%|rgba(31,31,38,0.88) 100%&#8220; sticky_enabled=&#8220;0&#8243;][et_pb_text _builder_version=&#8220;4.24.2&#8243; header_3_font=&#8220;Prata||||||||&#8220; header_3_font_size=&#8220;30px&#8220; header_3_line_height=&#8220;1.3em&#8220; header_4_font=&#8220;|700||on|||||&#8220; header_4_text_color=&#8220;#efdfca&#8220; header_4_font_size=&#8220;14px&#8220; header_4_letter_spacing=&#8220;2px&#8220; header_4_line_height=&#8220;1.4em&#8220; background_layout=&#8220;dark&#8220; custom_margin=&#8220;20px|20px|20px|20px|true|true&#8220; custom_padding=&#8220;60%|10px|10px|10px|false|true&#8220; custom_padding_tablet=&#8220;30%|10px|10px|10px|false|false&#8220; custom_padding_phone=&#8220;&#8220; custom_padding_last_edited=&#8220;on|phone&#8220; hover_enabled=&#8220;0&#8243; header_3_font_size_tablet=&#8220;22px&#8220; header_3_font_size_phone=&#8220;20px&#8220; header_3_font_size_last_edited=&#8220;on|phone&#8220; border_width_all=&#8220;2px&#8220; border_color_all=&#8220;rgba(190,168,143,0)&#8220; border_style_all=&#8220;dashed&#8220; locked=&#8220;off&#8220; global_colors_info=&#8220;{}&#8220; border_color_all__hover_enabled=&#8220;on|desktop&#8220; border_color_all__hover=&#8220;rgba(190,168,143,0.32)&#8220; sticky_enabled=&#8220;0&#8243; link_option_url=&#8220;https:\/\/www.zinawigs.be\/de\/trends-tips\/#Tips&#8220;]<h3>Tips &amp; Tricks<\/h3>\n<h4>Die Fixierung ist wichtig<\/h4>[\/et_pb_text][\/et_pb_column][et_pb_column type=&#8220;1_3&#8243; _builder_version=&#8220;4.24.1&#8243; use_background_color_gradient=&#8220;on&#8220; background_color_gradient_stops=&#8220;rgba(67,78,92,0.32) 0%|rgba(33,38,45,0.64) 100%&#8220; background_color_gradient_overlays_image=&#8220;on&#8220; background_color_gradient_start=&#8220;rgba(67,78,92,0.32)&#8220; background_color_gradient_end=&#8220;rgba(33,38,45,0.64)&#8220; background_image=&#8220;https:\/\/www.zinawigs.be\/wp-content\/uploads\/2024\/02\/Zinawigs-Trends.jpg&#8220; link_option_url=&#8220;#&#8220; border_width_all=&#8220;1px&#8220; border_color_all=&#8220;#ffffff&#8220; box_shadow_style=&#8220;preset3&#8243; box_shadow_spread=&#8220;-32px&#8220; box_shadow_color=&#8220;rgba(0,0,0,0)&#8220; global_colors_info=&#8220;{}&#8220; z_index__hover_enabled=&#8220;on|desktop&#8220; z_index__hover=&#8220;20&#8243; transform_styles__hover_enabled=&#8220;on|desktop&#8220; transform_scale__hover_enabled=&#8220;on|desktop&#8220; transform_translate__hover_enabled=&#8220;on|desktop&#8220; transform_rotate__hover_enabled=&#8220;on|desktop&#8220; transform_skew__hover_enabled=&#8220;on|desktop&#8220; transform_origin__hover_enabled=&#8220;on|desktop&#8220; transform_scale__hover=&#8220;104%|104%&#8220; box_shadow_color__hover_enabled=&#8220;on|hover&#8220; box_shadow_vertical__hover_enabled=&#8220;on|hover&#8220; box_shadow_horizontal__hover_enabled=&#8220;off|hover&#8220; box_shadow_blur__hover_enabled=&#8220;on|hover&#8220; box_shadow_color__hover=&#8220;rgba(0,0,0,0.56)&#8220; box_shadow_vertical__hover=&#8220;64px&#8220; box_shadow_blur__hover=&#8220;64px&#8220; background__hover_enabled=&#8220;on|desktop&#8220; background_color_gradient_end__hover=&#8220;rgba(31,31,38,0.88)&#8220; background_color_gradient_start__hover=&#8220;rgba(31,31,38,0.88)&#8220; background_color_gradient_stops__hover=&#8220;rgba(31,31,38,0.88) 0%|rgba(31,31,38,0.88) 100%&#8220;][et_pb_text _builder_version=&#8220;4.24.2&#8243; header_3_font=&#8220;Prata||||||||&#8220; header_3_font_size=&#8220;30px&#8220; header_3_line_height=&#8220;1.3em&#8220; header_4_font=&#8220;|700||on|||||&#8220; header_4_text_color=&#8220;#efdfca&#8220; header_4_font_size=&#8220;14px&#8220; header_4_letter_spacing=&#8220;2px&#8220; header_4_line_height=&#8220;1.4em&#8220; background_layout=&#8220;dark&#8220; custom_margin=&#8220;20px|20px|20px|20px|true|true&#8220; custom_padding=&#8220;60%|10px|10px|10px|false|true&#8220; custom_padding_tablet=&#8220;30%|10px|10px|10px|false|false&#8220; custom_padding_phone=&#8220;&#8220; custom_padding_last_edited=&#8220;on|phone&#8220; hover_enabled=&#8220;0&#8243; header_3_font_size_tablet=&#8220;22px&#8220; header_3_font_size_phone=&#8220;20px&#8220; header_3_font_size_last_edited=&#8220;on|phone&#8220; border_width_all=&#8220;2px&#8220; border_color_all=&#8220;rgba(190,168,143,0)&#8220; border_style_all=&#8220;dashed&#8220; locked=&#8220;off&#8220; global_colors_info=&#8220;{}&#8220; border_color_all__hover_enabled=&#8220;on|desktop&#8220; border_color_all__hover=&#8220;rgba(190,168,143,0.32)&#8220; link_option_url=&#8220;https:\/\/www.zinawigs.be\/de\/trends-tips\/#Portfolio&#8220; sticky_enabled=&#8220;0&#8243;]<h3>Trends<\/h3>\n<h4>Europ\u00e4isches Haar ist hip<\/h4>[\/et_pb_text][\/et_pb_column][et_pb_column type=&#8220;1_3&#8243; _builder_version=&#8220;4.24.1&#8243; use_background_color_gradient=&#8220;on&#8220; background_color_gradient_stops=&#8220;rgba(67,78,92,0.32) 0%|rgba(33,38,45,0.64) 100%&#8220; background_color_gradient_overlays_image=&#8220;on&#8220; background_color_gradient_start=&#8220;rgba(67,78,92,0.32)&#8220; background_color_gradient_end=&#8220;rgba(33,38,45,0.64)&#8220; background_image=&#8220;https:\/\/www.zinawigs.be\/wp-content\/uploads\/2024\/02\/Zinawigs-Nieuws.jpg&#8220; link_option_url=&#8220;#&#8220; border_width_all=&#8220;1px&#8220; border_color_all=&#8220;#ffffff&#8220; box_shadow_style=&#8220;preset3&#8243; box_shadow_spread=&#8220;-32px&#8220; box_shadow_color=&#8220;rgba(0,0,0,0)&#8220; global_colors_info=&#8220;{}&#8220; z_index__hover_enabled=&#8220;on|desktop&#8220; z_index__hover=&#8220;20&#8243; transform_styles__hover_enabled=&#8220;on|desktop&#8220; transform_scale__hover_enabled=&#8220;on|desktop&#8220; transform_translate__hover_enabled=&#8220;on|desktop&#8220; transform_rotate__hover_enabled=&#8220;on|desktop&#8220; transform_skew__hover_enabled=&#8220;on|desktop&#8220; transform_origin__hover_enabled=&#8220;on|desktop&#8220; transform_scale__hover=&#8220;105%|105%&#8220; box_shadow_color__hover_enabled=&#8220;on|hover&#8220; box_shadow_vertical__hover_enabled=&#8220;on|hover&#8220; box_shadow_horizontal__hover_enabled=&#8220;off|hover&#8220; box_shadow_blur__hover_enabled=&#8220;on|hover&#8220; box_shadow_color__hover=&#8220;rgba(0,0,0,0.56)&#8220; box_shadow_vertical__hover=&#8220;64px&#8220; box_shadow_blur__hover=&#8220;64px&#8220; background__hover_enabled=&#8220;on|desktop&#8220; background_color_gradient_start__hover=&#8220;rgba(31,31,38,0.88)&#8220; background_color_gradient_end__hover=&#8220;rgba(31,31,38,0.88)&#8220; background_color_gradient_stops__hover=&#8220;rgba(31,31,38,0.88) 0%|rgba(31,31,38,0.88) 100%&#8220;][et_pb_text _builder_version=&#8220;4.24.1&#8243; header_3_font=&#8220;Prata||||||||&#8220; header_3_font_size=&#8220;30px&#8220; header_3_line_height=&#8220;1.3em&#8220; header_4_font=&#8220;|700||on|||||&#8220; header_4_text_color=&#8220;#efdfca&#8220; header_4_font_size=&#8220;14px&#8220; header_4_letter_spacing=&#8220;2px&#8220; header_4_line_height=&#8220;1.4em&#8220; background_layout=&#8220;dark&#8220; custom_margin=&#8220;20px|20px|20px|20px|true|true&#8220; custom_padding=&#8220;60%|10px|10px|10px|false|true&#8220; custom_padding_tablet=&#8220;30%|10px|10px|10px|false|false&#8220; custom_padding_phone=&#8220;&#8220; custom_padding_last_edited=&#8220;on|phone&#8220; header_3_font_size_tablet=&#8220;22px&#8220; header_3_font_size_phone=&#8220;20px&#8220; header_3_font_size_last_edited=&#8220;on|phone&#8220; border_width_all=&#8220;2px&#8220; border_color_all=&#8220;rgba(190,168,143,0)&#8220; border_style_all=&#8220;dashed&#8220; locked=&#8220;off&#8220; global_colors_info=&#8220;{}&#8220; border_color_all__hover_enabled=&#8220;on|desktop&#8220; border_color_all__hover=&#8220;rgba(190,168,143,0.32)&#8220;]<h3>Der Prozess<\/h3>\n<h4>Wir begleiten Sie pers\u00f6nlich<\/h4>[\/et_pb_text][\/et_pb_column][\/et_pb_row][\/et_pb_section]\n","protected":false},"excerpt":{"rendered":"<p>Kontaktieren Sie uns noch heute f\u00fcr einen TerminRufen Sie uns an +32 488 29 92 31Oder besuchen Sie uns Quinten Matsijslei 41-422018 AntwerpenSehen Sie sich unsere Per\u00fccken anWarum Zina Wigs?Unsere Per\u00fccken und Haarteile sind hochwertig und von echtem Haar nicht zu unterscheiden.Zina Wigs verwendet ausschlie\u00dflich europ\u00e4isches Haar, das im Hinblick auf Qualit\u00e4t, L\u00e4nge und Farbe [&hellip;]<\/p>\n","protected":false},"author":1,"featured_media":0,"parent":0,"menu_order":0,"comment_status":"closed","ping_status":"closed","template":"","meta":{"_et_pb_use_builder":"on","_et_pb_old_content":"","_et_gb_content_width":"","inline_featured_image":false,"footnotes":""},"class_list":["post-484","page","type-page","status-publish","hentry"],"_links":{"self":[{"href":"https:\/\/www.zinawigs.be\/de\/wp-json\/wp\/v2\/pages\/484","targetHints":{"allow":["GET"]}}],"collection":[{"href":"https:\/\/www.zinawigs.be\/de\/wp-json\/wp\/v2\/pages"}],"about":[{"href":"https:\/\/www.zinawigs.be\/de\/wp-json\/wp\/v2\/types\/page"}],"author":[{"embeddable":true,"href":"https:\/\/www.zinawigs.be\/de\/wp-json\/wp\/v2\/users\/1"}],"replies":[{"embeddable":true,"href":"https:\/\/www.zinawigs.be\/de\/wp-json\/wp\/v2\/comments?post=484"}],"version-history":[{"count":20,"href":"https:\/\/www.zinawigs.be\/de\/wp-json\/wp\/v2\/pages\/484\/revisions"}],"predecessor-version":[{"id":579,"href":"https:\/\/www.zinawigs.be\/de\/wp-json\/wp\/v2\/pages\/484\/revisions\/579"}],"wp:attachment":[{"href":"https:\/\/www.zinawigs.be\/de\/wp-json\/wp\/v2\/media?parent=484"}],"curies":[{"name":"wp","href":"https:\/\/api.w.org\/{rel}","templated":true}]}}