{"id":294,"date":"2024-02-29T17:26:36","date_gmt":"2024-02-29T17:26:36","guid":{"rendered":"https:\/\/www.zinawigs.be\/clause-de-non-responsabilite\/"},"modified":"2024-03-13T10:15:53","modified_gmt":"2024-03-13T10:15:53","slug":"clause-de-non-responsabilite","status":"publish","type":"page","link":"https:\/\/www.zinawigs.be\/fr\/clause-de-non-responsabilite\/","title":{"rendered":"clause de non-responsabilit\u00e9"},"content":{"rendered":"<p>[et_pb_section fb_built=\u00a0\u00bb1&Prime; _builder_version=\u00a0\u00bb4.24.2&Prime; _module_preset=\u00a0\u00bbdefault\u00a0\u00bb global_colors_info=\u00a0\u00bb{}\u00a0\u00bb][et_pb_row _builder_version=\u00a0\u00bb4.24.2&Prime; _module_preset=\u00a0\u00bbdefault\u00a0\u00bb global_colors_info=\u00a0\u00bb{}\u00a0\u00bb][et_pb_column type=\u00a0\u00bb4_4&Prime; _builder_version=\u00a0\u00bb4.24.2&Prime; _module_preset=\u00a0\u00bbdefault\u00a0\u00bb global_colors_info=\u00a0\u00bb{}\u00a0\u00bb][et_pb_text _builder_version=\u00a0\u00bb4.24.2&Prime; _module_preset=\u00a0\u00bbdefault\u00a0\u00bb hover_enabled=\u00a0\u00bb0&Prime; global_colors_info=\u00a0\u00bb{}\u00a0\u00bb sticky_enabled=\u00a0\u00bb0&Prime; header_2_font=\u00a0\u00bbPrata||||||||\u00a0\u00bb header_2_text_color=\u00a0\u00bb#0A0A0A\u00a0\u00bb header_2_font_size=\u00a0\u00bb32px\u00a0\u00bb header_3_font=\u00a0\u00bbPrata|700|||||||\u00a0\u00bb header_3_text_color=\u00a0\u00bb#BAA991&Prime; text_text_color=\u00a0\u00bb#454E5B\u00a0\u00bb]<\/p>\n<h2>clause de non-responsabilit\u00e9 du site web + confidentialit\u00e9<\/h2>\n<p>Ce site web appartient \u00e0 Quaestor bvba<\/p>\n<h3>D\u00e9tails du contact<\/h3>\n<p><b>Adresse du si\u00e8ge social<\/b><br \/>Paardenkerkhofstraat 5<br \/>B-3670 Meeuwen-Gruitrode<br \/><b>Num\u00e9ro de t\u00e9l\u00e9phone<\/b><br \/>+32 498 86 62 00<br \/><b>E-mail:<\/b><br \/>info@zinawigs.be<br \/><b>Num\u00e9ro d&rsquo;entreprise<\/b><br \/>BE 0464 872 795<\/p>\n<p>En acc\u00e9dant et en utilisant le site Internet, vous acceptez express\u00e9ment les conditions g\u00e9n\u00e9rales suivantes.<\/p>\n<p>&nbsp;<\/p>\n<h3>Droits de propri\u00e9t\u00e9 intellectuelle<\/h3>\n<p>Le contenu de ce site, y compris les marques, logos, dessins, donn\u00e9es, noms de produits ou de soci\u00e9t\u00e9s, textes, images, etc., sont prot\u00e9g\u00e9s par des droits de propri\u00e9t\u00e9 intellectuelle et appartiennent \u00e0 Quaestor bvba ou \u00e0 des tiers ayants droit.<\/p>\n<p>&nbsp;<\/p>\n<h3>Limitation de responsabilit\u00e9<\/h3>\n<p>Les informations pr\u00e9sentes sur le site Internet sont de nature g\u00e9n\u00e9rale. Les informations ne sont pas adapt\u00e9es \u00e0 des circonstances personnelles ou sp\u00e9cifiques et ne peuvent donc pas \u00eatre consid\u00e9r\u00e9es comme un conseil personnel, professionnel ou juridique \u00e0 l&rsquo;utilisateur.<\/p>\n<p>Quaestor bvba met tout en \u0153uvre pour que les informations fournies soient compl\u00e8tes, correctes, exactes et \u00e0 jour. Malgr\u00e9 ces efforts, des inexactitudes peuvent survenir dans les informations fournies. Si les informations fournies contiennent des inexactitudes ou si certaines informations sur ou via le site ne sont pas disponibles, Quaestor bvba s&rsquo;efforcera d&rsquo;y rem\u00e9dier dans les plus brefs d\u00e9lais.<br \/>Toutefois, Quaestor bvba ne peut \u00eatre tenue responsable des dommages directs ou indirects r\u00e9sultant de l&rsquo;utilisation des informations pr\u00e9sentes sur ce site. Si vous d\u00e9couvrez des inexactitudes dans les informations mises \u00e0 disposition via le site, vous pouvez contacter l&rsquo;administrateur du site.<\/p>\n<p>Le contenu du site (y compris les liens) peut \u00eatre modifi\u00e9, chang\u00e9 ou compl\u00e9t\u00e9 \u00e0 tout moment sans pr\u00e9avis ni pr\u00e9avis. Quaestor bvba ne garantit pas le bon fonctionnement du site Web et ne peut en aucun cas \u00eatre tenu responsable du mauvais fonctionnement ou de la (in)disponibilit\u00e9 temporaire du site Web ou de toute forme de dommage, direct ou indirect, pouvant r\u00e9sulter de l&rsquo;acc\u00e8s ou de l&rsquo;utilisation du site Internet.<br \/>Quaestor bvba ne peut en aucun cas \u00eatre tenue responsable envers quiconque, directement ou indirectement, de mani\u00e8re particuli\u00e8re ou autre, des dommages r\u00e9sultant de l&rsquo;utilisation de ce site ou d&rsquo;un autre, notamment du fait de liens ou hyperliens, y compris, sans limitation, de toutes pertes, interruptions de travail, dommages aux programmes ou autres donn\u00e9es sur le syst\u00e8me informatique, l&rsquo;\u00e9quipement, les logiciels ou autres de l&rsquo;utilisateur.<\/p>\n<p>Le site Internet peut contenir des hyperliens vers des sites Internet ou des pages de tiers, ou y faire r\u00e9f\u00e9rence indirectement. Le placement de liens vers ces sites ou pages n\u2019implique en aucun cas une approbation implicite de leur contenu.<br \/>Quaestor bvba d\u00e9clare express\u00e9ment qu&rsquo;elle n&rsquo;a aucun contr\u00f4le sur le contenu ou d&rsquo;autres caract\u00e9ristiques de ces sites Internet et ne peut en aucun cas \u00eatre tenue responsable du contenu ou des caract\u00e9ristiques de ceux-ci ou de toute autre forme de dommage r\u00e9sultant de leur utilisation.<\/p>\n<p>&nbsp;<\/p>\n<h3>Loi applicable et tribunaux comp\u00e9tents<\/h3>\n<p>La loi Belge s&rsquo;applique \u00e0 ce site.<\/p>\n<p>&nbsp;<\/p>\n<h3>Politique de confidentialit\u00e9<\/h3>\n<p>Quaestor bvba attache de l&rsquo;importance \u00e0 votre vie priv\u00e9e.<\/p>\n<p>Le responsable du traitement, Quaestor bvba, respecte la loi belge du 8 d\u00e9cembre 1992 relative \u00e0 la protection de la vie priv\u00e9e dans le traitement des donn\u00e9es personnelles.<\/p>\n<p>Les donn\u00e9es personnelles que vous fournissez seront utilis\u00e9es aux fins suivantes : notre gestion client.<\/p>\n<p>Vous disposez d&rsquo;un droit l\u00e9gal de consulter et \u00e9ventuellement de corriger vos donn\u00e9es personnelles. Sur pr\u00e9sentation d&rsquo;une preuve d&rsquo;identit\u00e9 (copie de la carte d&rsquo;identit\u00e9), vous pouvez obtenir gratuitement une notification \u00e9crite de vos donn\u00e9es personnelles via une demande \u00e9crite, dat\u00e9e et sign\u00e9e adress\u00e9e \u00e0 Quaestor bvba. Si n\u00e9cessaire, vous pouvez \u00e9galement demander que les donn\u00e9es incorrectes, incompl\u00e8tes ou non pertinentes soient corrig\u00e9es.<\/p>\n<p>Vous pouvez vous opposer gratuitement \u00e0 l\u2019utilisation de vos donn\u00e9es \u00e0 des fins de marketing direct. Vous pouvez toujours contacter Quaestor bvba \u00e0 ce sujet.<\/p>\n<p>Vos donn\u00e9es personnelles ne seront pas transmises \u00e0 des tiers.<\/p>\n<p>Quaestor bvba peut collecter des donn\u00e9es anonymes ou agr\u00e9g\u00e9es de nature non personnelle, telles que le type de navigateur ou l&rsquo;adresse IP, le syst\u00e8me d&rsquo;exploitation que vous utilisez ou le nom de domaine du site Internet par lequel vous \u00eates arriv\u00e9 sur le site Internet ou par lequel vous le quittez. Cela nous permet d&rsquo;optimiser en permanence le site Web pour les utilisateurs.<\/p>\n<p>&nbsp;<\/p>\n<h3>L&rsquo;utilisation de \u00ab\u00a0cookies\u00a0\u00bb.<\/h3>\n<p>Lors d&rsquo;une visite sur le site, des \u00ab\u00a0cookies\u00a0\u00bb peuvent \u00eatre d\u00e9pos\u00e9s sur le disque dur de votre ordinateur. Un cookie est un fichier texte d\u00e9pos\u00e9 par le serveur d&rsquo;un site Internet dans le navigateur de votre ordinateur ou sur votre appareil mobile lorsque vous consultez un site Internet. Les cookies ne peuvent pas \u00eatre utilis\u00e9s pour identifier des individus, un cookie ne peut identifier qu&rsquo;une machine.<\/p>\n<p>Vous pouvez configurer votre navigateur Internet de mani\u00e8re \u00e0 ce que les cookies ne soient pas accept\u00e9s, \u00e0 recevoir un avertissement lorsqu&rsquo;un cookie est install\u00e9 ou \u00e0 ce que les cookies soient ensuite supprim\u00e9s de votre disque dur. Vous pouvez le faire via les param\u00e8tres de votre navigateur (via la fonction d&rsquo;aide). Veuillez noter que certains \u00e9l\u00e9ments graphiques peuvent ne pas s&rsquo;afficher correctement, ou que vous ne pourrez pas utiliser certaines applications.<\/p>\n<p>En utilisant notre site Web, vous acceptez notre utilisation des cookies.<\/p>\n<p>[\/et_pb_text][\/et_pb_column][\/et_pb_row][\/et_pb_section]<\/p>\n","protected":false},"excerpt":{"rendered":"<p>clause de non-responsabilit\u00e9 du site web + confidentialit\u00e9 Ce site web appartient \u00e0 Quaestor bvba D\u00e9tails du contact Adresse du si\u00e8ge socialPaardenkerkhofstraat 5B-3670 Meeuwen-GruitrodeNum\u00e9ro de t\u00e9l\u00e9phone+32 498 86 62 00E-mail:info@zinawigs.beNum\u00e9ro d&rsquo;entrepriseBE 0464 872 795 En acc\u00e9dant et en utilisant le site Internet, vous acceptez express\u00e9ment les conditions g\u00e9n\u00e9rales suivantes. &nbsp; Droits de propri\u00e9t\u00e9 intellectuelle Le [&hellip;]<\/p>\n","protected":false},"author":1,"featured_media":0,"parent":0,"menu_order":0,"comment_status":"closed","ping_status":"closed","template":"","meta":{"_et_pb_use_builder":"on","_et_pb_old_content":"","_et_gb_content_width":"","inline_featured_image":false,"footnotes":""},"class_list":["post-294","page","type-page","status-publish","hentry"],"_links":{"self":[{"href":"https:\/\/www.zinawigs.be\/fr\/wp-json\/wp\/v2\/pages\/294","targetHints":{"allow":["GET"]}}],"collection":[{"href":"https:\/\/www.zinawigs.be\/fr\/wp-json\/wp\/v2\/pages"}],"about":[{"href":"https:\/\/www.zinawigs.be\/fr\/wp-json\/wp\/v2\/types\/page"}],"author":[{"embeddable":true,"href":"https:\/\/www.zinawigs.be\/fr\/wp-json\/wp\/v2\/users\/1"}],"replies":[{"embeddable":true,"href":"https:\/\/www.zinawigs.be\/fr\/wp-json\/wp\/v2\/comments?post=294"}],"version-history":[{"count":2,"href":"https:\/\/www.zinawigs.be\/fr\/wp-json\/wp\/v2\/pages\/294\/revisions"}],"predecessor-version":[{"id":296,"href":"https:\/\/www.zinawigs.be\/fr\/wp-json\/wp\/v2\/pages\/294\/revisions\/296"}],"wp:attachment":[{"href":"https:\/\/www.zinawigs.be\/fr\/wp-json\/wp\/v2\/media?parent=294"}],"curies":[{"name":"wp","href":"https:\/\/api.w.org\/{rel}","templated":true}]}}